{"id":6519,"date":"2026-04-02T09:36:48","date_gmt":"2026-04-02T07:36:48","guid":{"rendered":"https:\/\/corneliaimseng.com\/start-new\/"},"modified":"2026-04-06T11:14:17","modified_gmt":"2026-04-06T09:14:17","slug":"start-new","status":"publish","type":"page","link":"https:\/\/corneliaimseng.com\/en\/start-new\/","title":{"rendered":"START-NEW"},"content":{"rendered":"<div class=\"fusion-fullwidth fullwidth-box fusion-builder-row-1 fusion-flex-container has-pattern-background has-mask-background hundred-percent-fullwidth non-hundred-percent-height-scrolling\" style=\"--awb-border-radius-top-left:0px;--awb-border-radius-top-right:0px;--awb-border-radius-bottom-right:0px;--awb-border-radius-bottom-left:0px;--awb-padding-top:0px;--awb-padding-right:0px;--awb-padding-bottom:0px;--awb-padding-left:0px;--awb-margin-bottom:24px;--awb-flex-wrap:wrap;\" ><div class=\"fusion-builder-row fusion-row fusion-flex-align-items-flex-start fusion-flex-content-wrap\" style=\"width:104% !important;max-width:104% !important;margin-left: calc(-4% \/ 2 );margin-right: calc(-4% \/ 2 );\"><div class=\"fusion-layout-column fusion_builder_column fusion-builder-column-0 fusion_builder_column_1_1 1_1 fusion-flex-column\" style=\"--awb-bg-size:cover;--awb-width-large:100%;--awb-margin-top-large:0px;--awb-spacing-right-large:1.92%;--awb-margin-bottom-large:20px;--awb-spacing-left-large:1.92%;--awb-width-medium:100%;--awb-order-medium:0;--awb-spacing-right-medium:1.92%;--awb-spacing-left-medium:1.92%;--awb-width-small:100%;--awb-order-small:0;--awb-spacing-right-small:1.92%;--awb-spacing-left-small:1.92%;\"><div class=\"fusion-column-wrapper fusion-column-has-shadow fusion-flex-justify-content-flex-start fusion-content-layout-column\"><style>@import url('https:\/\/fonts.googleapis.com\/css2?family=Cormorant+Garamond:ital,wght@0,400;0,500;1,400;1,500&family=Jost:wght@300;400;500&display=swap');\n*,*::before,*::after{box-sizing:border-box;margin:0;padding:0;}\n.ho{font-family:'Jost',sans-serif;color:#2a2a28;width:100%;background:#1e3220;margin-bottom:-115px;}\n\n.ho-hero{position:relative;min-height:580px;display:flex;align-items:center;justify-content:center;text-align:center;padding:5rem 2.5rem;width:100%;}\n.ho-hbg{position:absolute;inset:0;background-image:url('https:\/\/corneliaimseng.com\/wp-content\/uploads\/2024\/11\/MV_AYURVEDA_MASSAGEN4_1920x1080px.jpg');background-size:cover;background-position:center center;z-index:0;}\n.ho-hov{position:absolute;inset:0;background:rgba(30,50,32,0.68);z-index:1;}\n.ho-hct{position:relative;z-index:2;max-width:700px;}\n.ho-ey{font-size:11px;letter-spacing:0.22em;text-transform:uppercase;color:rgba(195,220,185,0.88);margin-bottom:1.5rem;display:block;}\n.ho-hero h1{font-family:'Cormorant Garamond',serif;font-size:3.6rem;font-weight:400;line-height:1.1;color:#f5f0e8;margin-bottom:1rem;}\n.ho-tl{font-family:'Cormorant Garamond',serif;font-style:italic;font-size:1.4rem;color:rgba(195,220,185,0.90);line-height:1.55;margin-bottom:2.4rem;}\n.ho-hbtn{display:inline-block;font-family:'Jost',sans-serif;font-size:11px;font-weight:500;letter-spacing:0.16em;text-transform:uppercase;padding:0.8rem 2.4rem;border:1px solid rgba(195,220,185,0.65);color:#f5f0e8;text-decoration:none;background:transparent;}\n\n.ho-main{padding:72px 12%;background:#fff;}\n.ho-cols{display:grid;grid-template-columns:1fr 1fr;gap:48px;align-items:start;}\n.ho-lbl{font-size:10px;letter-spacing:0.2em;text-transform:uppercase;color:#888782;margin-bottom:0.8rem;display:block;}\n.ho-h2{font-family:'Cormorant Garamond',serif;font-size:2.2rem;font-weight:400;line-height:1.25;color:#2a2a28;margin-bottom:1.2rem;}\n.ho-txt{font-size:0.97rem;line-height:1.82;color:#5a5a57;margin-bottom:0.9rem;}\n.ho-txt:last-child{margin-bottom:0;}\n\n.ho-cards{display:flex;flex-direction:column;gap:16px;}\n.ho-card{background:#f5f3ee;border-radius:10px;padding:20px 24px;border-left:3px solid #84b88a;text-decoration:none;display:block;}\n.ho-card h3{font-size:0.78rem;font-weight:500;letter-spacing:0.13em;text-transform:uppercase;color:#2a2a28;margin-bottom:6px;}\n.ho-card p{font-size:0.92rem;line-height:1.72;color:#5a5a57;}\n.ho-card-link{font-size:0.82rem;color:#3a7040;font-weight:500;margin-top:8px;display:block;}\n\n.ho-green{background:#1e3220;padding:72px 12%;text-align:center;width:100%;}\n.ho-green p{font-family:'Cormorant Garamond',serif;font-style:italic;font-size:1.55rem;line-height:1.65;color:#a8c4a0;max-width:820px;margin:0 auto;}\n\n.ho-leistungen{padding:72px 12%;background:#fff;}\n.ho-h2b{font-family:'Cormorant Garamond',serif;font-size:2.2rem;font-weight:400;line-height:1.25;color:#2a2a28;margin-bottom:1.5rem;}\n.ho-lgrid{display:grid;grid-template-columns:1fr 1fr 1fr;gap:16px;}\n.ho-lcard{border-radius:10px;overflow:hidden;position:relative;min-height:280px;display:flex;align-items:flex-end;}\n.ho-lcard-bg{position:absolute;inset:0;background-size:cover;background-position:center;z-index:0;}\n.ho-lcard-ov{position:absolute;inset:0;background:rgba(30,50,32,0.62);z-index:1;}\n.ho-lcard-ct{position:relative;z-index:2;padding:24px;}\n.ho-lcard h3{font-family:'Cormorant Garamond',serif;font-size:1.5rem;font-weight:400;color:#f5f0e8;margin-bottom:6px;}\n.ho-lcard p{font-size:0.83rem;color:rgba(245,240,232,0.82);line-height:1.6;margin-bottom:10px;}\n.ho-lcard a{display:inline-block;font-size:10px;letter-spacing:0.14em;text-transform:uppercase;color:#a8c4a0;text-decoration:none;font-weight:500;}\n\n.ho-footer{background:#1e3220;padding:56px 12%;display:grid;grid-template-columns:1fr 1fr;gap:0;align-items:start;width:100%;}\n.ho-fl .ho-lbl{color:#a8c4a0;}\n.ho-fl h2{font-family:'Jost',sans-serif;font-size:2.4rem;font-weight:700;line-height:1.15;color:#f5f0e8;margin-bottom:1rem;}\n.ho-fl p{font-size:0.95rem;line-height:1.75;color:rgba(245,240,232,0.75);margin-bottom:1.8rem;}\n.ho-fbtn{display:inline-block;font-family:'Jost',sans-serif;font-size:11px;font-weight:500;letter-spacing:0.14em;text-transform:uppercase;padding:0.8rem 2rem;background:rgba(245,240,232,0.12);border:1px solid rgba(245,240,232,0.35);color:#f5f0e8;text-decoration:none;}\n.ho-fr{padding-left:48px;border-left:1px solid rgba(245,240,232,0.12);}\n.ho-fr-lbl{font-size:10px;letter-spacing:0.22em;text-transform:uppercase;color:#a8c4a0;margin-bottom:1.2rem;display:block;}\n.ho-crow{display:grid;grid-template-columns:80px 1fr;padding:0.8rem 0;border-bottom:1px solid rgba(245,240,232,0.15);}\n.ho-cl{font-size:13px;font-weight:500;color:#f5f0e8;}\n.ho-cv{font-size:13px;color:rgba(245,240,232,0.75);}\n.ho-ch{display:grid;grid-template-columns:80px 1fr;padding-top:0.8rem;}\n.ho-chl,.ho-chv{font-size:11px;color:rgba(245,240,232,0.45);}\n.ho-chv{font-style:italic;}\n\n@media(max-width:768px){\n  .ho-cols,.ho-lgrid,.ho-footer{grid-template-columns:1fr;}\n  .ho-hero h1{font-size:2.4rem;}\n  .ho-main,.ho-green,.ho-leistungen,.ho-footer{padding-left:24px;padding-right:24px;}\n  .ho-fr{padding-left:0;border-left:none;border-top:1px solid rgba(245,240,232,0.12);padding-top:40px;margin-top:40px;}\n  .ho-lcard{min-height:220px;}\n}\n<\/style><div class=\"ho\"><div class=\"ho-hero\"><div class=\"ho-hbg\"><\/div><div class=\"ho-hov\"><\/div><div class=\"ho-hct\"><span class=\"ho-ey\">House of Ayurveda \u00b7 Cornelia Imseng \u00b7 Oberwil bei Basel<\/span><h1>K\u00f6rper und Geist in Balance.<\/h1><div class=\"ho-tl\">Ayurvedische Massagen, Ern\u00e4hrung und Auszeiten \u2013<br\/>seit \u00fcber 5000 Jahren bew\u00e4hrt, individuell f\u00fcr Sie.<\/div><a href=\"https:\/\/corneliaimseng.com\/en\/contact-us\/\" class=\"ho-hbtn\">Kostenfreie Beratung buchen<\/a><\/div><\/div><div class=\"ho-main\"><div class=\"ho-cols\"><div><span class=\"ho-lbl\">Was ist Ayurveda?<\/span><h2 class=\"ho-h2\">Das Wissen vom Leben \u2013 seit \u00fcber 5000 Jahren.<\/h2><p class=\"ho-txt\">Ayurveda ist das traditionelle indische Heilsystem, das seit \u00fcber 5000 Jahren angewendet wird. Der Begriff stammt aus dem Sanskrit und bedeutet \u201eWissen vom Leben\" \u2013 \u201eAyur\" steht f\u00fcr Leben, \u201eVeda\" f\u00fcr Wissen.<\/p><p class=\"ho-txt\">Das Ziel des Ayurveda ist es, K\u00f6rper, Geist und Seele in ein Gleichgewicht zu bringen \u2013 Krankheiten vorzubeugen und das pers\u00f6nliche Wohlbefinden nachhaltig zu steigern.<\/p><p class=\"ho-txt\">Im Zentrum der ayurvedischen Philosophie stehen die drei Doshas \u2013 Vata, Pitta und Kapha. Sie repr\u00e4sentieren die individuellen Eigenschaften und Energien eines jeden Menschen. Durch ihre Harmonisierung wird Gesundheit individuell gef\u00f6rdert.<\/p><\/div><div><span class=\"ho-lbl\">Meine Angebote<\/span><div class=\"ho-cards\"><a class=\"ho-card\" href=\"https:\/\/corneliaimseng.com\/en\/massages_new\/\"><h3>Massagen<\/h3><p>Ayurvedische Massagen reinigen, f\u00f6rdern die Durchblutung, l\u00f6sen Verspannungen und bringen K\u00f6rper und Seele in Einklang \u2013 abgestimmt auf Ihre pers\u00f6nliche Konstitution.<\/p><span class=\"ho-card-link\">Mehr erfahren \u2192<\/span><\/a><a class=\"ho-card\" href=\"https:\/\/corneliaimseng.com\/en\/nutrition\/\"><h3>Ern\u00e4hrung<\/h3><p>Kennen Sie Ihr pers\u00f6nliches Dosha? Die ayurvedische Ern\u00e4hrung ber\u00fccksichtigt Ihre individuelle Konstitution und unterst\u00fctzt so Ihre Gesundheit von innen heraus.<\/p><span class=\"ho-card-link\">Mehr erfahren \u2192<\/span><\/a><a class=\"ho-card\" href=\"https:\/\/corneliaimseng.com\/en\/cosmetics\/\"><h3>Kosmetik<\/h3><p>Ayurvedische Sch\u00f6nheitsbehandlungen basieren auf den Prinzipien der indischen Heilkunst \u2013 nat\u00fcrlich, ganzheitlich und wirksam f\u00fcr Haut und Wohlbefinden.<\/p><span class=\"ho-card-link\">Mehr erfahren \u2192<\/span><\/a><\/div><\/div><\/div><\/div><div class=\"ho-green\"><p>\u201eAyurveda ist nicht nur eine Heilmethode \u2013 es ist eine Lebensweise, die K\u00f6rper, Geist und Seele in ihr nat\u00fcrliches Gleichgewicht zur\u00fcckf\u00fchrt.\"<\/p><\/div><div class=\"ho-leistungen\"><span class=\"ho-lbl\">Auszeiten & Behandlungen<\/span><h2 class=\"ho-h2b\">Individuelle Angebote f\u00fcr Ihr Wohlbefinden.<\/h2><div class=\"ho-lgrid\"><div class=\"ho-lcard\"><div class=\"ho-lcard-bg\" style=\"background-image:url('https:\/\/corneliaimseng.com\/wp-content\/uploads\/2024\/11\/MV_AYURVEDA_MASSAGE2_1920x1080px.jpg');\"><\/div><div class=\"ho-lcard-ov\"><\/div><div class=\"ho-lcard-ct\"><h3>Recovery Day<\/h3><p>Ein ganzer Tag, der nur Ihnen geh\u00f6rt. Abhyanga, Mittagessen, Ruhe & Shirodhara.<\/p><a href=\"https:\/\/corneliaimseng.com\/recovery-day\/\">Zur Seite \u2192<\/a><\/div><\/div><div class=\"ho-lcard\"><div class=\"ho-lcard-bg\" style=\"background-image:url('https:\/\/corneliaimseng.com\/wp-content\/uploads\/2024\/11\/MV_AYURVEDA1_1920x1080px.jpg');\"><\/div><div class=\"ho-lcard-ov\"><\/div><div class=\"ho-lcard-ct\"><h3>TimeOut Auszeit<\/h3><p>3 N\u00e4chte, 4\u20136 Behandlungen, ayurvedische Mahlzeiten und ein Kochseminar f\u00fcr zu Hause.<\/p><a href=\"https:\/\/corneliaimseng.com\/en\/timeout-cure\/\">Zur Seite \u2192<\/a><\/div><\/div><div class=\"ho-lcard\"><div class=\"ho-lcard-bg\" style=\"background-image:url('https:\/\/corneliaimseng.com\/wp-content\/uploads\/2024\/11\/MV_AYURVEDA_KOSMETIK1_1920x1080px.jpg');\"><\/div><div class=\"ho-lcard-ov\"><\/div><div class=\"ho-lcard-ct\"><h3>Detox-Auszeit<\/h3><p>13 Tage tiefe Reinigung. Nachhaltige Entgiftung und Aktivierung der Selbstheilungskr\u00e4fte.<\/p><a href=\"https:\/\/corneliaimseng.com\/en\/detox-time-out\/\">Zur Seite \u2192<\/a><\/div><\/div><\/div><\/div><div class=\"ho-footer\"><div class=\"ho-fl\"><span class=\"ho-lbl\">Ihr n\u00e4chster Schritt<\/span><h2>Bereit f\u00fcr Ihr Wohlbefinden?<\/h2><p>Ich freue mich darauf, gemeinsam mit Ihnen den richtigen Weg zu finden. Eine kostenfreie Beratung gen\u00fcgt, um alles Weitere zu kl\u00e4ren.<\/p><a href=\"https:\/\/corneliaimseng.com\/en\/contact-us\/\" class=\"ho-fbtn\">Kostenfreie Beratung buchen<\/a><\/div><div class=\"ho-fr\"><span class=\"ho-fr-lbl\">Direkt erreichbar<\/span><div class=\"ho-crow\"><span class=\"ho-cl\">Mail<\/span><span class=\"ho-cv\">veda@corneliaimseng.com<\/span><\/div><div class=\"ho-crow\"><span class=\"ho-cl\">Adresse<\/span><span class=\"ho-cv\">Bienenstrasse 1 | 4104 Oberwil<\/span><\/div><div class=\"ho-crow\"><span class=\"ho-cl\">Praxis<\/span><span class=\"ho-cv\">House of Ayurveda<\/span><\/div><div class=\"ho-ch\"><span class=\"ho-chl\">Hinweis<\/span><span class=\"ho-chv\">Termine nach Vereinbarung \u2013 auch online m\u00f6glich.<\/span><\/div><\/div><\/div><\/div><\/div><\/div><\/div><\/div>\n","protected":false},"excerpt":{"rendered":"","protected":false},"author":1,"featured_media":0,"parent":0,"menu_order":72,"comment_status":"closed","ping_status":"closed","template":"","meta":{"iawp_total_views":0,"footnotes":""},"class_list":["post-6519","page","type-page","status-publish","hentry"],"_links":{"self":[{"href":"https:\/\/corneliaimseng.com\/en\/wp-json\/wp\/v2\/pages\/6519","targetHints":{"allow":["GET"]}}],"collection":[{"href":"https:\/\/corneliaimseng.com\/en\/wp-json\/wp\/v2\/pages"}],"about":[{"href":"https:\/\/corneliaimseng.com\/en\/wp-json\/wp\/v2\/types\/page"}],"author":[{"embeddable":true,"href":"https:\/\/corneliaimseng.com\/en\/wp-json\/wp\/v2\/users\/1"}],"replies":[{"embeddable":true,"href":"https:\/\/corneliaimseng.com\/en\/wp-json\/wp\/v2\/comments?post=6519"}],"version-history":[{"count":8,"href":"https:\/\/corneliaimseng.com\/en\/wp-json\/wp\/v2\/pages\/6519\/revisions"}],"predecessor-version":[{"id":6657,"href":"https:\/\/corneliaimseng.com\/en\/wp-json\/wp\/v2\/pages\/6519\/revisions\/6657"}],"wp:attachment":[{"href":"https:\/\/corneliaimseng.com\/en\/wp-json\/wp\/v2\/media?parent=6519"}],"curies":[{"name":"wp","href":"https:\/\/api.w.org\/{rel}","templated":true}]}}